{"id":125,"date":"2018-05-24T13:56:30","date_gmt":"2018-05-24T13:56:30","guid":{"rendered":"https:\/\/prospekte.badwimpfen.de\/?page_id=125"},"modified":"2019-12-06T10:51:30","modified_gmt":"2019-12-06T10:51:30","slug":"prospekte-bad-wimpfen-3","status":"publish","type":"page","link":"https:\/\/prospekte.badwimpfen.de\/","title":{"rendered":"Prospekte Bad Wimpfen no Mail"},"content":{"rendered":"<p><span style=\"width: 100%;\"><img loading=\"lazy\" decoding=\"async\" alt=\"\" width=\"79\" height=\"100\" title=\"Bad Wimpfen\" data-id=\"228\" src=\"https:\/\/prospekte.badwimpfen.de\/wp-content\/uploads\/2018\/01\/Bad-Wimpfen.png\" style=\"width: 100%;\"><\/span><span style=\"width: 100%;\"><img loading=\"lazy\" decoding=\"async\" alt=\"\" width=\"826\" height=\"1169\" title=\"Titelseite_Stadtfuehrungen_2020\" data-id=\"242\" src=\"https:\/\/prospekte.badwimpfen.de\/wp-content\/uploads\/2019\/12\/Titelseite_Stadtfuehrungen_2020.jpg\" style=\"width: 100%;\"><\/span><\/p>\n<h2>Stadtf\u00fchrungen &amp; Mehr 2020<\/h2>\n<ul>\n<li>Angebote f\u00fcr Gruppen und Individualreisende<\/li>\n<li>\u00d6ffentliche F\u00fchrungen<\/li>\n<li>Kalendarische \u00dcbersicht<\/li>\n<\/ul>\n<p><span style=\"width: 100%;\"><img loading=\"lazy\" decoding=\"async\" alt=\"\" width=\"1124\" height=\"1590\" title=\"Titelseite_Zielkatalog19 (2)\" data-id=\"174\" src=\"\/\/prospekte.badwimpfen.de\/wp-content\/uploads\/2018\/11\/Titelseite_Zielkatalog19-2.png\" style=\"width: 100%;\"><\/span><\/p>\n<h2>BAD WIMPFEN &amp; GUNDELSHEIM<\/h2>\n<li>Geschichte von Bad Wimpfen erleben: Blauer Turm, Stadtf\u00fchrung, Museum&#8230;<\/li>\n<li>Ruhe finden: Kloster &amp; Kirchen<\/li>\n<li>Romantisch feiern, modern tagen und shoppen<\/li>\n<li>idyllische \u00dcbernachtung und Genusstour<\/li>\n<li>Events &amp; Kultur erleben<\/li>\n<li>Gundelsheim mit Schloss, Wein und Geschichte<\/li>\n<li>Aktiv: Rad fahren, Wandern Ausflugstipps<\/li>\n<li>Gesundheit: SRH Gesundheitszentrum, Solebad, Seniorendienste<\/li>\n<p><span style=\"width: 100%;\"><img loading=\"lazy\" decoding=\"async\" alt=\"\" width=\"826\" height=\"1169\" title=\"Titelseite_GGV2020\" data-id=\"241\" src=\"https:\/\/prospekte.badwimpfen.de\/wp-content\/uploads\/2019\/12\/Titelseite_GGV2020.jpg\" style=\"width: 100%;\"><\/span><\/p>\n<h2>GASTGEBERVERZEICHNIS<\/h2>\n<ul>\n<li>Hotels, G\u00e4stezimmer und Ferienwohnungen<\/li>\n<li>Gastst\u00e4tten, Restaurants, Caf\u00e9s und Besenwirtschaften<\/li>\n<li>Freizeitaktivit\u00e4ten &#8211; Attraktionen und Ausflugsziele<\/li>\n<li>Stadtplan Bad Wimpfen &amp; Gundelsheim<\/li>\n<\/ul>\n<p><span style=\"width: 100%;\"><img loading=\"lazy\" decoding=\"async\" alt=\"\" width=\"826\" height=\"1169\" title=\"Gruppenplaner_2020_Titelseite\" data-id=\"235\" src=\"https:\/\/prospekte.badwimpfen.de\/wp-content\/uploads\/2019\/10\/Gruppenplaner_2020_Titelseite.jpg\" style=\"width: 100%;\"><\/span><\/p>\n<h2>GRUPPENPLANER<\/h2>\n<p>SOLE &#8211; STAUFER &#8211; SCHLEMMERLAND&nbsp;<\/p>\n<p>Angebote f\u00fcr Gruppenreisen in Bad Rappenau, Bad Wimpfen, Gundelsheim am Neckar:<\/p>\n<li>Stadtf\u00fchrung<\/li>\n<li>Museen<\/li>\n<li>Ausflugsziele<\/li>\n<li>Veranstaltungstermine<\/li>\n<li>Gruppenangebote zu Events<\/li>\n<li>Programm f\u00fcr den Gruppenausflug (Halb- \/ Ganztagesprogramm)<\/li>\n<li>Kinderprogramme<\/li>\n<li>Pauschale mit \u00dcbernachtung<\/li>\n<li>Gruppenfreundliche Hotels<\/li>\n<li>Gruppenfreundliche Restaurants, Caf\u00e9s und Weinstuben<\/li>\n<p><span style=\"width: 100%;\"><img loading=\"lazy\" decoding=\"async\" alt=\"\" width=\"840\" height=\"607\" title=\"2019_Kulturzeit_Titelbild\" data-id=\"186\" src=\"\/\/prospekte.badwimpfen.de\/wp-content\/uploads\/2018\/12\/2019_Kulturzeit_Titelbild.jpg\" style=\"width: 100%;\"><\/span><\/p>\n<h2>KULTURZEIT 2019 &#8211; JAHRES\u00dcBERSICHT<\/h2>\n<p>-Jahres\u00fcbersicht Kultur<\/p>\n<li>Stadtf\u00fchrungen<\/li>\n<li>Theater &amp; Konzerte<\/li>\n<li>Ausstellungen<\/li>\n<li>Feste &amp; M\u00e4rkte<\/li>\n<p><span style=\"width: 100%;\"><img loading=\"lazy\" decoding=\"async\" alt=\"\" width=\"580\" height=\"326\" title=\"Pauschalenflyer2019_Blocksatz.indd\" data-id=\"160\" src=\"\/\/prospekte.badwimpfen.de\/wp-content\/uploads\/2018\/10\/Kurzflyer-web-2019_09_10_18-1.jpg\" style=\"width: 100%;\"><\/span><\/p>\n<h2>AUSFLUGS- UND URLAUBSZIEL BAD WIMPFEN &amp; GUNDLSHEIM<\/h2>\n<p>Flyer mit Ideen und Pauschalen f\u00fcr die Urlaubsplanung. Ob Wandern, Fahrrad fahren, Wein und Kulinarik, romantische Kuscheltage oder Tage f\u00fcr die Gesundheit &amp; Erholung in den beiden historischen Altst\u00e4dten ist viel geboten. Die wichtigsten Termine der Events 2019 sind aufgef\u00fchrt.<\/p>\n<p><span style=\"width: 100%;\"><img loading=\"lazy\" decoding=\"async\" alt=\"\" width=\"826\" height=\"1169\" title=\"2019_Titelbild_Veranstaltungsflyer (1)\" data-id=\"207\" src=\"\/\/prospekte.badwimpfen.de\/wp-content\/uploads\/2019\/03\/2019_Titelbild_Veranstaltungsflyer-1.jpg\" style=\"width: 100%;\"><\/span><\/p>\n<h2>VERANSTALTUNGSTIPPS<\/h2>\n<ul>\n<li>10 spannende Veranstaltungstipps f\u00fcr Bad Wimpfen<\/li>\n<li>Mehr Veranstaltungen finden Sie in unserem Jahresprogramm \u201eKulturZeit\u201c.<\/li>\n<\/ul>\n<p><span style=\"width: 100%;\"><img loading=\"lazy\" decoding=\"async\" alt=\"\" width=\"383\" height=\"748\" title=\"Wanderbroschu\u0308re_Titelbild\" data-id=\"214\" src=\"https:\/\/prospekte.badwimpfen.de\/wp-content\/uploads\/2019\/06\/Wanderbroschu\u0308re_Titelbild.jpg\" style=\"width: 100%;\"><\/span><\/p>\n<h2>WANDERTOUREN<\/h2>\n<p>Brosch\u00fcre mit Wandertourenvorschl\u00e4ge: Rundwanderwege, Pilgerwege, Spazierg\u00e4nge von Bad Wimpfen, Nordic-Walkingwege u.v.m. sowie gef\u00fchrte Spazierg\u00e4nge in und um Bad Wimpfen und Bad Rappenau.<\/p>\n<p><span style=\"width: 100%;\"><img loading=\"lazy\" decoding=\"async\" alt=\"\" width=\"822\" height=\"672\" title=\"segway bad wimpfen\" data-id=\"143\" src=\"\/\/prospekte.badwimpfen.de\/wp-content\/uploads\/2018\/07\/segway-bad-wimpfen.png\" style=\"width: 100%;\"><\/span><\/p>\n<h2>SEGWAY RUND UM BAD WIMPFEN<\/h2>\n<p><span style=\"width: 100%;\"><img loading=\"lazy\" decoding=\"async\" alt=\"\" width=\"826\" height=\"827\" title=\"Weihnachtsmarkt_Bad_Wimpfen_2019_Titelseite\" data-id=\"223\" src=\"https:\/\/prospekte.badwimpfen.de\/wp-content\/uploads\/2019\/07\/Weihnachtsmarkt_Bad_Wimpfen_2019_Titelseite.jpg\" style=\"width: 100%;\"><\/span><\/p>\n<h2>Altdeutscher Weihnachtsmarkt<\/h2>\n<\/p>\n<p style=\"text-align: center;\">Vieweb <a href=\"https:\/\/www.vieweb.de\/wix-webdesigner\">Webdesign<\/a><\/p>\n","protected":false},"excerpt":{"rendered":"<p>Stadtf\u00fchrungen &amp; Mehr 2020 Angebote f\u00fcr Gruppen und Individualreisende \u00d6ffentliche F\u00fchrungen Kalendarische \u00dcbersicht BAD WIMPFEN &amp; GUNDELSHEIM Geschichte von Bad Wimpfen erleben: Blauer Turm, Stadtf\u00fchrung, Museum&#8230; Ruhe finden: Kloster &amp; Kirchen Romantisch feiern, modern tagen und shoppen idyllische \u00dcbernachtung und Genusstour Events &amp; Kultur erleben Gundelsheim mit Schloss, Wein und Geschichte Aktiv: Rad fahren, Wandern &hellip; <\/p>\n<p class=\"link-more\"><a href=\"https:\/\/prospekte.badwimpfen.de\/\" class=\"more-link\"><span class=\"screen-reader-text\">\u201eProspekte Bad Wimpfen no Mail\u201c <\/span>weiterlesen<\/a><\/p>\n","protected":false},"author":1,"featured_media":0,"parent":0,"menu_order":0,"comment_status":"closed","ping_status":"closed","template":"","meta":{"footnotes":""},"class_list":["post-125","page","type-page","status-publish","hentry"],"_links":{"self":[{"href":"https:\/\/prospekte.badwimpfen.de\/index.php?rest_route=\/wp\/v2\/pages\/125","targetHints":{"allow":["GET"]}}],"collection":[{"href":"https:\/\/prospekte.badwimpfen.de\/index.php?rest_route=\/wp\/v2\/pages"}],"about":[{"href":"https:\/\/prospekte.badwimpfen.de\/index.php?rest_route=\/wp\/v2\/types\/page"}],"author":[{"embeddable":true,"href":"https:\/\/prospekte.badwimpfen.de\/index.php?rest_route=\/wp\/v2\/users\/1"}],"replies":[{"embeddable":true,"href":"https:\/\/prospekte.badwimpfen.de\/index.php?rest_route=%2Fwp%2Fv2%2Fcomments&post=125"}],"version-history":[{"count":44,"href":"https:\/\/prospekte.badwimpfen.de\/index.php?rest_route=\/wp\/v2\/pages\/125\/revisions"}],"predecessor-version":[{"id":243,"href":"https:\/\/prospekte.badwimpfen.de\/index.php?rest_route=\/wp\/v2\/pages\/125\/revisions\/243"}],"wp:attachment":[{"href":"https:\/\/prospekte.badwimpfen.de\/index.php?rest_route=%2Fwp%2Fv2%2Fmedia&parent=125"}],"curies":[{"name":"wp","href":"https:\/\/api.w.org\/{rel}","templated":true}]}}